{"id":989348,"date":"2025-05-05T11:05:00","date_gmt":"2025-05-05T09:05:00","guid":{"rendered":"https:\/\/corelexglobal.com\/equipo-abogados-corelex-global\/isabel-del-alamo-powers\/"},"modified":"2025-12-18T00:48:45","modified_gmt":"2025-12-17T23:48:45","slug":"isabel-del-alamo-powers","status":"publish","type":"page","link":"https:\/\/corelexglobal.com\/es\/equipo-abogados-corelex-global\/isabel-del-alamo-powers\/","title":{"rendered":"Isabel \u00c1. Powers"},"content":{"rendered":"\t\t<div data-elementor-type=\"wp-page\" data-elementor-id=\"989348\" class=\"elementor elementor-989348 elementor-4086\" data-elementor-post-type=\"page\">\n\t\t\t\t<div class=\"elementor-element elementor-element-6acd5194 e-flex e-con-boxed e-con e-parent\" data-id=\"6acd5194\" data-element_type=\"container\" data-settings=\"{&quot;background_background&quot;:&quot;classic&quot;}\">\n\t\t\t\t\t<div class=\"e-con-inner\">\n\t\t<div class=\"elementor-element elementor-element-266abb64 e-con-full e-flex e-con e-child\" data-id=\"266abb64\" data-element_type=\"container\">\n\t\t<div class=\"elementor-element elementor-element-7b4ec3e1 e-con-full e-flex e-con e-child\" data-id=\"7b4ec3e1\" data-element_type=\"container\">\n\t\t\t\t<div class=\"elementor-element elementor-element-55b4fb1a elementor-widget elementor-widget-heading\" data-id=\"55b4fb1a\" data-element_type=\"widget\" data-widget_type=\"heading.default\">\n\t\t\t\t<div class=\"elementor-widget-container\">\n\t\t\t\t\t<h6 class=\"elementor-heading-title elementor-size-default\">CEO AT Corelex Global<\/h6>\t\t\t\t<\/div>\n\t\t\t\t<\/div>\n\t\t\t\t<div class=\"elementor-element elementor-element-47981594 elementor-widget__width-initial elementor-widget-mobile__width-inherit elementor-widget elementor-widget-theme-post-title elementor-page-title elementor-widget-heading\" data-id=\"47981594\" data-element_type=\"widget\" data-widget_type=\"theme-post-title.default\">\n\t\t\t\t<div class=\"elementor-widget-container\">\n\t\t\t\t\t<h1 class=\"elementor-heading-title elementor-size-default\">Isabel \u00c1. Powers<\/h1>\t\t\t\t<\/div>\n\t\t\t\t<\/div>\n\t\t\t\t<div class=\"elementor-element elementor-element-51fe71f1 elementor-widget elementor-widget-text-editor\" data-id=\"51fe71f1\" data-element_type=\"widget\" data-widget_type=\"text-editor.default\">\n\t\t\t\t<div class=\"elementor-widget-container\">\n\t\t\t\t\t\t\t\t\t<p>En Corelex Global pongo al servicio de inversores internacionales m\u00e1s de 25 a\u00f1os de experiencia en el sector jur\u00eddico-inmobiliario espa\u00f1ol. Mi objetivo es ofrecer una asesor\u00eda legal s\u00f3lida, transparente y estrat\u00e9gicamente orientada, acompa\u00f1ando a cada cliente en la identificaci\u00f3n, adquisici\u00f3n y protecci\u00f3n de sus inversiones inmobiliarias en Espa\u00f1a.<\/p><p>A lo largo de mi trayectoria, he asesorado a clientes de m\u00faltiples pa\u00edses en operaciones inmobiliarias de alto valor, combinando un profundo conocimiento del mercado local con una perspectiva global. Mi enfoque pr\u00e1ctico, la anticipaci\u00f3n de riesgos y la atenci\u00f3n personalizada han consolidado a Corelex Global como un socio fiable para quienes buscan invertir en Espa\u00f1a con confianza y tranquilidad.<\/p>\t\t\t\t\t\t\t\t<\/div>\n\t\t\t\t<\/div>\n\t\t\t\t<\/div>\n\t\t\t\t<\/div>\n\t\t<div class=\"elementor-element elementor-element-3081acf9 e-con-full e-flex e-con e-child\" data-id=\"3081acf9\" data-element_type=\"container\" data-settings=\"{&quot;background_background&quot;:&quot;classic&quot;,&quot;sticky&quot;:&quot;top&quot;,&quot;sticky_offset&quot;:80,&quot;sticky_parent&quot;:&quot;yes&quot;,&quot;sticky_on&quot;:[&quot;desktop&quot;],&quot;sticky_effects_offset&quot;:0,&quot;sticky_anchor_link_offset&quot;:0}\">\n\t\t\t\t<div class=\"vamtam-has-theme-widget-styles elementor-element elementor-element-177bb762 elementor-invisible animated-fast elementor-widget elementor-widget-image\" data-id=\"177bb762\" data-element_type=\"widget\" data-settings=\"{&quot;_animation&quot;:&quot;imageGrowWithScaleLeft&quot;}\" data-widget_type=\"image.default\">\n\t\t\t\t<div class=\"elementor-widget-container\">\n\t\t\t\t\t\t\t\t\t<div class=\"elementor-image\">\n\t\t\t\t\t\t\t\t\t\t\t<div class=\"vamtam-image-wrapper\">\n\t\t\t\t\t\t\t\t\t\t\t\t\t\t\t\t\t\t\t\t\t<img fetchpriority=\"high\" decoding=\"async\" width=\"1126\" height=\"1364\" src=\"https:\/\/corelexglobal.com\/wp-content\/uploads\/2025\/12\/isabel-alamo-powers3-corelex-abogados.webp\" class=\"attachment-1536x1536 size-1536x1536 wp-image-989350\" alt=\"\" srcset=\"https:\/\/corelexglobal.com\/wp-content\/uploads\/2025\/12\/isabel-alamo-powers3-corelex-abogados.webp 1126w, https:\/\/corelexglobal.com\/wp-content\/uploads\/2025\/12\/isabel-alamo-powers3-corelex-abogados-248x300.webp 248w, https:\/\/corelexglobal.com\/wp-content\/uploads\/2025\/12\/isabel-alamo-powers3-corelex-abogados-845x1024.webp 845w, https:\/\/corelexglobal.com\/wp-content\/uploads\/2025\/12\/isabel-alamo-powers3-corelex-abogados-768x930.webp 768w\" sizes=\"(max-width: 1126px) 100vw, 1126px\" \/>\t\t\t\t\t\t\t\t\t\t\t\t\t\t\t\t\t\t\t\t\t\t\t\t\t\t<\/div>\n\t\t\t\t\t\t\t\t\t<\/div>\n\t\t\t\t\t\t\t\t<\/div>\n\t\t\t\t<\/div>\n\t\t\t\t<\/div>\n\t\t<div class=\"elementor-element elementor-element-5cb2323e e-con-full e-flex e-con e-child\" data-id=\"5cb2323e\" data-element_type=\"container\" data-settings=\"{&quot;sticky&quot;:&quot;top&quot;,&quot;sticky_on&quot;:[&quot;desktop&quot;],&quot;sticky_offset&quot;:80,&quot;sticky_parent&quot;:&quot;yes&quot;,&quot;sticky_effects_offset&quot;:0,&quot;sticky_anchor_link_offset&quot;:0}\">\n\t\t\t\t<div class=\"elementor-element elementor-element-70624d64 elementor-widget elementor-widget-text-editor\" data-id=\"70624d64\" data-element_type=\"widget\" data-widget_type=\"text-editor.default\">\n\t\t\t\t<div class=\"elementor-widget-container\">\n\t\t\t\t\t\t\t\t\t<p>&#8220;En Corelex Global, te ofrecemos la tranquilidad de invertir en Espa\u00f1a mediante un servicio exclusivo y personalizado, respaldado por m\u00e1s de 25 a\u00f1os de experiencia.&#8221;<\/p>\t\t\t\t\t\t\t\t<\/div>\n\t\t\t\t<\/div>\n\t\t<div class=\"elementor-element elementor-element-3b70f7de e-con-full elementor-hidden-desktop elementor-hidden-tablet elementor-hidden-mobile e-flex e-con e-child\" data-id=\"3b70f7de\" data-element_type=\"container\">\n\t\t\t\t<div class=\"vamtam-has-theme-widget-styles elementor-element elementor-element-5c904225 vamtam-has-underline-anim elementor-widget elementor-widget-button\" data-id=\"5c904225\" data-element_type=\"widget\" data-widget_type=\"button.default\">\n\t\t\t\t<div class=\"elementor-widget-container\">\n\t\t\t\t\t\t\t\t\t<div class=\"elementor-button-wrapper\">\n\t\t\t\t\t<a class=\"elementor-button elementor-button-link elementor-size-sm\" href=\"https:\/\/www.instagram.com\/\" target=\"_blank\">\n\t\t\t\t\t\t<span class=\"elementor-button-content-wrapper\">\n\t\t\t\t\t\t\t\t\t<span class=\"elementor-button-text\">Instagram<\/span>\n\t\t\t\t\t<\/span>\n\t\t\t\t\t<\/a>\n\t\t\t\t<\/div>\n\t\t\t\t\t\t\t\t<\/div>\n\t\t\t\t<\/div>\n\t\t\t\t<div class=\"vamtam-has-theme-widget-styles elementor-element elementor-element-24875b92 vamtam-has-underline-anim elementor-widget elementor-widget-button\" data-id=\"24875b92\" data-element_type=\"widget\" data-widget_type=\"button.default\">\n\t\t\t\t<div class=\"elementor-widget-container\">\n\t\t\t\t\t\t\t\t\t<div class=\"elementor-button-wrapper\">\n\t\t\t\t\t<a class=\"elementor-button elementor-button-link elementor-size-sm\" href=\"https:\/\/www.facebook.com\/\" target=\"_blank\">\n\t\t\t\t\t\t<span class=\"elementor-button-content-wrapper\">\n\t\t\t\t\t\t\t\t\t<span class=\"elementor-button-text\">Facebook<\/span>\n\t\t\t\t\t<\/span>\n\t\t\t\t\t<\/a>\n\t\t\t\t<\/div>\n\t\t\t\t\t\t\t\t<\/div>\n\t\t\t\t<\/div>\n\t\t\t\t<div class=\"vamtam-has-theme-widget-styles elementor-element elementor-element-3e91b6f vamtam-has-underline-anim elementor-widget elementor-widget-button\" data-id=\"3e91b6f\" data-element_type=\"widget\" data-widget_type=\"button.default\">\n\t\t\t\t<div class=\"elementor-widget-container\">\n\t\t\t\t\t\t\t\t\t<div class=\"elementor-button-wrapper\">\n\t\t\t\t\t<a class=\"elementor-button elementor-button-link elementor-size-sm\" href=\"https:\/\/www.linkedin.com\/\" target=\"_blank\">\n\t\t\t\t\t\t<span class=\"elementor-button-content-wrapper\">\n\t\t\t\t\t\t\t\t\t<span class=\"elementor-button-text\">Linkedin<\/span>\n\t\t\t\t\t<\/span>\n\t\t\t\t\t<\/a>\n\t\t\t\t<\/div>\n\t\t\t\t\t\t\t\t<\/div>\n\t\t\t\t<\/div>\n\t\t\t\t<\/div>\n\t\t\t\t<\/div>\n\t\t\t\t\t<\/div>\n\t\t\t\t<\/div>\n\t\t\t\t<\/div>\n\t\t","protected":false},"excerpt":{"rendered":"<p>CEO AT Corelex Global En Corelex Global pongo al servicio de inversores internacionales m\u00e1s de 25 a\u00f1os de experiencia en el sector jur\u00eddico-inmobiliario espa\u00f1ol. Mi objetivo es ofrecer una asesor\u00eda legal s\u00f3lida, transparente y estrat\u00e9gicamente orientada, acompa\u00f1ando a cada cliente en la identificaci\u00f3n, adquisici\u00f3n y protecci\u00f3n de sus inversiones inmobiliarias en Espa\u00f1a. A lo largo&#8230;<\/p>\n","protected":false},"author":1,"featured_media":989350,"parent":989249,"menu_order":0,"comment_status":"closed","ping_status":"closed","template":"","meta":{"footnotes":""},"class_list":["post-989348","page","type-page","status-publish","has-post-thumbnail","hentry"],"yoast_head":"<!-- This site is optimized with the Yoast SEO plugin v27.3 - https:\/\/yoast.com\/product\/yoast-seo-wordpress\/ -->\n<title>Isabel \u00c1. Powers - Corelex Global<\/title>\n<meta name=\"robots\" content=\"index, follow, max-snippet:-1, max-image-preview:large, max-video-preview:-1\" \/>\n<link rel=\"canonical\" href=\"https:\/\/corelexglobal.com\/es\/equipo-abogados-corelex-global\/isabel-del-alamo-powers\/\" \/>\n<meta property=\"og:locale\" content=\"es_ES\" \/>\n<meta property=\"og:type\" content=\"article\" \/>\n<meta property=\"og:title\" content=\"Isabel \u00c1. Powers - Corelex Global\" \/>\n<meta property=\"og:description\" content=\"CEO AT Corelex Global En Corelex Global pongo al servicio de inversores internacionales m\u00e1s de 25 a\u00f1os de experiencia en el sector jur\u00eddico-inmobiliario espa\u00f1ol. Mi objetivo es ofrecer una asesor\u00eda legal s\u00f3lida, transparente y estrat\u00e9gicamente orientada, acompa\u00f1ando a cada cliente en la identificaci\u00f3n, adquisici\u00f3n y protecci\u00f3n de sus inversiones inmobiliarias en Espa\u00f1a. A lo largo...\" \/>\n<meta property=\"og:url\" content=\"https:\/\/corelexglobal.com\/es\/equipo-abogados-corelex-global\/isabel-del-alamo-powers\/\" \/>\n<meta property=\"og:site_name\" content=\"Corelex Global\" \/>\n<meta property=\"article:modified_time\" content=\"2025-12-17T23:48:45+00:00\" \/>\n<meta property=\"og:image\" content=\"https:\/\/corelexglobal.com\/wp-content\/uploads\/2025\/12\/isabel-alamo-powers3-corelex-abogados.webp\" \/>\n\t<meta property=\"og:image:width\" content=\"1126\" \/>\n\t<meta property=\"og:image:height\" content=\"1364\" \/>\n\t<meta property=\"og:image:type\" content=\"image\/webp\" \/>\n<meta name=\"twitter:card\" content=\"summary_large_image\" \/>\n<script type=\"application\/ld+json\" class=\"yoast-schema-graph\">{\"@context\":\"https:\\\/\\\/schema.org\",\"@graph\":[{\"@type\":\"WebPage\",\"@id\":\"https:\\\/\\\/corelexglobal.com\\\/es\\\/equipo-abogados-corelex-global\\\/isabel-del-alamo-powers\\\/\",\"url\":\"https:\\\/\\\/corelexglobal.com\\\/es\\\/equipo-abogados-corelex-global\\\/isabel-del-alamo-powers\\\/\",\"name\":\"Isabel \u00c1. Powers - Corelex Global\",\"isPartOf\":{\"@id\":\"https:\\\/\\\/corelexglobal.com\\\/es\\\/#website\"},\"primaryImageOfPage\":{\"@id\":\"https:\\\/\\\/corelexglobal.com\\\/es\\\/equipo-abogados-corelex-global\\\/isabel-del-alamo-powers\\\/#primaryimage\"},\"image\":{\"@id\":\"https:\\\/\\\/corelexglobal.com\\\/es\\\/equipo-abogados-corelex-global\\\/isabel-del-alamo-powers\\\/#primaryimage\"},\"thumbnailUrl\":\"https:\\\/\\\/corelexglobal.com\\\/wp-content\\\/uploads\\\/2025\\\/12\\\/isabel-alamo-powers3-corelex-abogados.webp\",\"datePublished\":\"2025-05-05T09:05:00+00:00\",\"dateModified\":\"2025-12-17T23:48:45+00:00\",\"breadcrumb\":{\"@id\":\"https:\\\/\\\/corelexglobal.com\\\/es\\\/equipo-abogados-corelex-global\\\/isabel-del-alamo-powers\\\/#breadcrumb\"},\"inLanguage\":\"es\",\"potentialAction\":[{\"@type\":\"ReadAction\",\"target\":[\"https:\\\/\\\/corelexglobal.com\\\/es\\\/equipo-abogados-corelex-global\\\/isabel-del-alamo-powers\\\/\"]}]},{\"@type\":\"ImageObject\",\"inLanguage\":\"es\",\"@id\":\"https:\\\/\\\/corelexglobal.com\\\/es\\\/equipo-abogados-corelex-global\\\/isabel-del-alamo-powers\\\/#primaryimage\",\"url\":\"https:\\\/\\\/corelexglobal.com\\\/wp-content\\\/uploads\\\/2025\\\/12\\\/isabel-alamo-powers3-corelex-abogados.webp\",\"contentUrl\":\"https:\\\/\\\/corelexglobal.com\\\/wp-content\\\/uploads\\\/2025\\\/12\\\/isabel-alamo-powers3-corelex-abogados.webp\",\"width\":1126,\"height\":1364},{\"@type\":\"BreadcrumbList\",\"@id\":\"https:\\\/\\\/corelexglobal.com\\\/es\\\/equipo-abogados-corelex-global\\\/isabel-del-alamo-powers\\\/#breadcrumb\",\"itemListElement\":[{\"@type\":\"ListItem\",\"position\":1,\"name\":\"Home\",\"item\":\"https:\\\/\\\/corelexglobal.com\\\/es\\\/\"},{\"@type\":\"ListItem\",\"position\":2,\"name\":\"Equipo Corelex Global\",\"item\":\"https:\\\/\\\/corelexglobal.com\\\/es\\\/corelex-global-team\\\/\"},{\"@type\":\"ListItem\",\"position\":3,\"name\":\"Isabel \u00c1. Powers\"}]},{\"@type\":\"WebSite\",\"@id\":\"https:\\\/\\\/corelexglobal.com\\\/es\\\/#website\",\"url\":\"https:\\\/\\\/corelexglobal.com\\\/es\\\/\",\"name\":\"Corelex Global\",\"description\":\"International Real Estate Lawyers in Spain\",\"publisher\":{\"@id\":\"https:\\\/\\\/corelexglobal.com\\\/es\\\/#organization\"},\"alternateName\":\"International Real Estate Lawyers in Spain\",\"potentialAction\":[{\"@type\":\"SearchAction\",\"target\":{\"@type\":\"EntryPoint\",\"urlTemplate\":\"https:\\\/\\\/corelexglobal.com\\\/es\\\/?s={search_term_string}\"},\"query-input\":{\"@type\":\"PropertyValueSpecification\",\"valueRequired\":true,\"valueName\":\"search_term_string\"}}],\"inLanguage\":\"es\"},{\"@type\":\"Organization\",\"@id\":\"https:\\\/\\\/corelexglobal.com\\\/es\\\/#organization\",\"name\":\"Corelex Global\",\"url\":\"https:\\\/\\\/corelexglobal.com\\\/es\\\/\",\"logo\":{\"@type\":\"ImageObject\",\"inLanguage\":\"es\",\"@id\":\"https:\\\/\\\/corelexglobal.com\\\/es\\\/#\\\/schema\\\/logo\\\/image\\\/\",\"url\":\"https:\\\/\\\/corelexglobal.com\\\/wp-content\\\/uploads\\\/2025\\\/12\\\/signo-corelex.jpg\",\"contentUrl\":\"https:\\\/\\\/corelexglobal.com\\\/wp-content\\\/uploads\\\/2025\\\/12\\\/signo-corelex.jpg\",\"width\":300,\"height\":300,\"caption\":\"Corelex Global\"},\"image\":{\"@id\":\"https:\\\/\\\/corelexglobal.com\\\/es\\\/#\\\/schema\\\/logo\\\/image\\\/\"}}]}<\/script>\n<!-- \/ Yoast SEO plugin. -->","yoast_head_json":{"title":"Isabel \u00c1. Powers - Corelex Global","robots":{"index":"index","follow":"follow","max-snippet":"max-snippet:-1","max-image-preview":"max-image-preview:large","max-video-preview":"max-video-preview:-1"},"canonical":"https:\/\/corelexglobal.com\/es\/equipo-abogados-corelex-global\/isabel-del-alamo-powers\/","og_locale":"es_ES","og_type":"article","og_title":"Isabel \u00c1. Powers - Corelex Global","og_description":"CEO AT Corelex Global En Corelex Global pongo al servicio de inversores internacionales m\u00e1s de 25 a\u00f1os de experiencia en el sector jur\u00eddico-inmobiliario espa\u00f1ol. Mi objetivo es ofrecer una asesor\u00eda legal s\u00f3lida, transparente y estrat\u00e9gicamente orientada, acompa\u00f1ando a cada cliente en la identificaci\u00f3n, adquisici\u00f3n y protecci\u00f3n de sus inversiones inmobiliarias en Espa\u00f1a. A lo largo...","og_url":"https:\/\/corelexglobal.com\/es\/equipo-abogados-corelex-global\/isabel-del-alamo-powers\/","og_site_name":"Corelex Global","article_modified_time":"2025-12-17T23:48:45+00:00","og_image":[{"width":1126,"height":1364,"url":"https:\/\/corelexglobal.com\/wp-content\/uploads\/2025\/12\/isabel-alamo-powers3-corelex-abogados.webp","type":"image\/webp"}],"twitter_card":"summary_large_image","schema":{"@context":"https:\/\/schema.org","@graph":[{"@type":"WebPage","@id":"https:\/\/corelexglobal.com\/es\/equipo-abogados-corelex-global\/isabel-del-alamo-powers\/","url":"https:\/\/corelexglobal.com\/es\/equipo-abogados-corelex-global\/isabel-del-alamo-powers\/","name":"Isabel \u00c1. Powers - Corelex Global","isPartOf":{"@id":"https:\/\/corelexglobal.com\/es\/#website"},"primaryImageOfPage":{"@id":"https:\/\/corelexglobal.com\/es\/equipo-abogados-corelex-global\/isabel-del-alamo-powers\/#primaryimage"},"image":{"@id":"https:\/\/corelexglobal.com\/es\/equipo-abogados-corelex-global\/isabel-del-alamo-powers\/#primaryimage"},"thumbnailUrl":"https:\/\/corelexglobal.com\/wp-content\/uploads\/2025\/12\/isabel-alamo-powers3-corelex-abogados.webp","datePublished":"2025-05-05T09:05:00+00:00","dateModified":"2025-12-17T23:48:45+00:00","breadcrumb":{"@id":"https:\/\/corelexglobal.com\/es\/equipo-abogados-corelex-global\/isabel-del-alamo-powers\/#breadcrumb"},"inLanguage":"es","potentialAction":[{"@type":"ReadAction","target":["https:\/\/corelexglobal.com\/es\/equipo-abogados-corelex-global\/isabel-del-alamo-powers\/"]}]},{"@type":"ImageObject","inLanguage":"es","@id":"https:\/\/corelexglobal.com\/es\/equipo-abogados-corelex-global\/isabel-del-alamo-powers\/#primaryimage","url":"https:\/\/corelexglobal.com\/wp-content\/uploads\/2025\/12\/isabel-alamo-powers3-corelex-abogados.webp","contentUrl":"https:\/\/corelexglobal.com\/wp-content\/uploads\/2025\/12\/isabel-alamo-powers3-corelex-abogados.webp","width":1126,"height":1364},{"@type":"BreadcrumbList","@id":"https:\/\/corelexglobal.com\/es\/equipo-abogados-corelex-global\/isabel-del-alamo-powers\/#breadcrumb","itemListElement":[{"@type":"ListItem","position":1,"name":"Home","item":"https:\/\/corelexglobal.com\/es\/"},{"@type":"ListItem","position":2,"name":"Equipo Corelex Global","item":"https:\/\/corelexglobal.com\/es\/corelex-global-team\/"},{"@type":"ListItem","position":3,"name":"Isabel \u00c1. Powers"}]},{"@type":"WebSite","@id":"https:\/\/corelexglobal.com\/es\/#website","url":"https:\/\/corelexglobal.com\/es\/","name":"Corelex Global","description":"International Real Estate Lawyers in Spain","publisher":{"@id":"https:\/\/corelexglobal.com\/es\/#organization"},"alternateName":"International Real Estate Lawyers in Spain","potentialAction":[{"@type":"SearchAction","target":{"@type":"EntryPoint","urlTemplate":"https:\/\/corelexglobal.com\/es\/?s={search_term_string}"},"query-input":{"@type":"PropertyValueSpecification","valueRequired":true,"valueName":"search_term_string"}}],"inLanguage":"es"},{"@type":"Organization","@id":"https:\/\/corelexglobal.com\/es\/#organization","name":"Corelex Global","url":"https:\/\/corelexglobal.com\/es\/","logo":{"@type":"ImageObject","inLanguage":"es","@id":"https:\/\/corelexglobal.com\/es\/#\/schema\/logo\/image\/","url":"https:\/\/corelexglobal.com\/wp-content\/uploads\/2025\/12\/signo-corelex.jpg","contentUrl":"https:\/\/corelexglobal.com\/wp-content\/uploads\/2025\/12\/signo-corelex.jpg","width":300,"height":300,"caption":"Corelex Global"},"image":{"@id":"https:\/\/corelexglobal.com\/es\/#\/schema\/logo\/image\/"}}]}},"_links":{"self":[{"href":"https:\/\/corelexglobal.com\/es\/wp-json\/wp\/v2\/pages\/989348","targetHints":{"allow":["GET"]}}],"collection":[{"href":"https:\/\/corelexglobal.com\/es\/wp-json\/wp\/v2\/pages"}],"about":[{"href":"https:\/\/corelexglobal.com\/es\/wp-json\/wp\/v2\/types\/page"}],"author":[{"embeddable":true,"href":"https:\/\/corelexglobal.com\/es\/wp-json\/wp\/v2\/users\/1"}],"replies":[{"embeddable":true,"href":"https:\/\/corelexglobal.com\/es\/wp-json\/wp\/v2\/comments?post=989348"}],"version-history":[{"count":0,"href":"https:\/\/corelexglobal.com\/es\/wp-json\/wp\/v2\/pages\/989348\/revisions"}],"up":[{"embeddable":true,"href":"https:\/\/corelexglobal.com\/es\/wp-json\/wp\/v2\/pages\/989249"}],"wp:featuredmedia":[{"embeddable":true,"href":"https:\/\/corelexglobal.com\/es\/wp-json\/wp\/v2\/media\/989350"}],"wp:attachment":[{"href":"https:\/\/corelexglobal.com\/es\/wp-json\/wp\/v2\/media?parent=989348"}],"curies":[{"name":"wp","href":"https:\/\/api.w.org\/{rel}","templated":true}]}}