{"id":989399,"date":"2025-05-29T12:29:00","date_gmt":"2025-05-29T10:29:00","guid":{"rendered":"https:\/\/corelexglobal.com\/equipo-abogados-corelex-global\/kevin-wolf\/"},"modified":"2025-12-21T18:55:43","modified_gmt":"2025-12-21T17:55:43","slug":"juan-jose-montero","status":"publish","type":"page","link":"https:\/\/corelexglobal.com\/es\/equipo-abogados-corelex-global\/juan-jose-montero\/","title":{"rendered":"Juan Jos\u00e9 Montero"},"content":{"rendered":"\t\t<div data-elementor-type=\"wp-page\" data-elementor-id=\"989399\" class=\"elementor elementor-989399 elementor-3887\" data-elementor-post-type=\"page\">\n\t\t\t\t<div class=\"elementor-element elementor-element-f47fb5b e-flex e-con-boxed e-con e-parent\" data-id=\"f47fb5b\" data-element_type=\"container\" data-settings=\"{&quot;background_background&quot;:&quot;classic&quot;}\">\n\t\t\t\t\t<div class=\"e-con-inner\">\n\t\t<div class=\"elementor-element elementor-element-3b3226e e-con-full e-flex e-con e-child\" data-id=\"3b3226e\" data-element_type=\"container\">\n\t\t<div class=\"elementor-element elementor-element-51b05f3 e-con-full e-flex e-con e-child\" data-id=\"51b05f3\" data-element_type=\"container\">\n\t\t\t\t<div class=\"elementor-element elementor-element-e13d331 elementor-widget elementor-widget-heading\" data-id=\"e13d331\" data-element_type=\"widget\" data-widget_type=\"heading.default\">\n\t\t\t\t<div class=\"elementor-widget-container\">\n\t\t\t\t\t<p class=\"elementor-heading-title elementor-size-default\">Socio Fundador<br> Director Financiero<\/p>\t\t\t\t<\/div>\n\t\t\t\t<\/div>\n\t\t\t\t<div class=\"elementor-element elementor-element-ed97efe elementor-widget__width-initial elementor-widget-mobile__width-inherit elementor-widget elementor-widget-theme-post-title elementor-page-title elementor-widget-heading\" data-id=\"ed97efe\" data-element_type=\"widget\" data-widget_type=\"theme-post-title.default\">\n\t\t\t\t<div class=\"elementor-widget-container\">\n\t\t\t\t\t<h1 class=\"elementor-heading-title elementor-size-default\">Juan Jos\u00e9 Montero<\/h1>\t\t\t\t<\/div>\n\t\t\t\t<\/div>\n\t\t\t\t<div class=\"elementor-element elementor-element-6067827 elementor-widget elementor-widget-text-editor\" data-id=\"6067827\" data-element_type=\"widget\" data-widget_type=\"text-editor.default\">\n\t\t\t\t<div class=\"elementor-widget-container\">\n\t\t\t\t\t\t\t\t\t<p>Economista especializado en planificaci\u00f3n financiera y fiscalidad para inversores inmobiliarios, Juan Jos\u00e9 Montero aporta m\u00e1s de 28 a\u00f1os de experiencia en la optimizaci\u00f3n de estructuras financieras complejas. Como Director Financiero y Socio Fundador de Corelex Global, lidera la estrategia econ\u00f3mica de cada inversi\u00f3n, asegurando m\u00e1xima rentabilidad y eficiencia fiscal.<\/p><p>Su enfoque combina an\u00e1lisis financiero detallado, gesti\u00f3n de riesgos y conocimiento profundo del mercado inmobiliario, ofreciendo soluciones personalizadas para la adquisici\u00f3n, desarrollo y gesti\u00f3n de propiedades. Juan es un referente en la creaci\u00f3n de planes financieros s\u00f3lidos que permiten a los inversores tomar decisiones estrat\u00e9gicas con seguridad y confianza.<\/p>\t\t\t\t\t\t\t\t<\/div>\n\t\t\t\t<\/div>\n\t\t\t\t<\/div>\n\t\t\t\t<\/div>\n\t\t<div class=\"elementor-element elementor-element-a401e76 e-con-full e-flex e-con e-child\" data-id=\"a401e76\" data-element_type=\"container\" data-settings=\"{&quot;background_background&quot;:&quot;classic&quot;,&quot;sticky&quot;:&quot;top&quot;,&quot;sticky_offset&quot;:80,&quot;sticky_parent&quot;:&quot;yes&quot;,&quot;sticky_on&quot;:[&quot;desktop&quot;],&quot;sticky_effects_offset&quot;:0,&quot;sticky_anchor_link_offset&quot;:0}\">\n\t\t\t\t<div class=\"vamtam-has-theme-widget-styles elementor-element elementor-element-defbd9a elementor-invisible animated-fast elementor-widget elementor-widget-image\" data-id=\"defbd9a\" data-element_type=\"widget\" data-settings=\"{&quot;_animation&quot;:&quot;imageGrowWithScaleLeft&quot;}\" data-widget_type=\"image.default\">\n\t\t\t\t<div class=\"elementor-widget-container\">\n\t\t\t\t\t\t\t\t\t<div class=\"elementor-image\">\n\t\t\t\t\t\t\t\t\t\t\t<div class=\"vamtam-image-wrapper\">\n\t\t\t\t\t\t\t\t\t\t\t\t\t\t\t\t\t\t\t\t\t<img fetchpriority=\"high\" decoding=\"async\" width=\"1126\" height=\"1364\" src=\"https:\/\/corelexglobal.com\/wp-content\/uploads\/2025\/12\/juan-carlos.webp\" class=\"attachment-1536x1536 size-1536x1536 wp-image-989400\" alt=\"\" srcset=\"https:\/\/corelexglobal.com\/wp-content\/uploads\/2025\/12\/juan-carlos.webp 1126w, https:\/\/corelexglobal.com\/wp-content\/uploads\/2025\/12\/juan-carlos-248x300.webp 248w, https:\/\/corelexglobal.com\/wp-content\/uploads\/2025\/12\/juan-carlos-845x1024.webp 845w, https:\/\/corelexglobal.com\/wp-content\/uploads\/2025\/12\/juan-carlos-768x930.webp 768w\" sizes=\"(max-width: 1126px) 100vw, 1126px\" \/>\t\t\t\t\t\t\t\t\t\t\t\t\t\t\t\t\t\t\t\t\t\t\t\t\t\t<\/div>\n\t\t\t\t\t\t\t\t\t<\/div>\n\t\t\t\t\t\t\t\t<\/div>\n\t\t\t\t<\/div>\n\t\t\t\t<\/div>\n\t\t<div class=\"elementor-element elementor-element-9050021 e-con-full e-flex e-con e-child\" data-id=\"9050021\" data-element_type=\"container\" data-settings=\"{&quot;sticky&quot;:&quot;top&quot;,&quot;sticky_on&quot;:[&quot;desktop&quot;],&quot;sticky_offset&quot;:80,&quot;sticky_parent&quot;:&quot;yes&quot;,&quot;sticky_effects_offset&quot;:0,&quot;sticky_anchor_link_offset&quot;:0}\">\n\t\t\t\t<div class=\"elementor-element elementor-element-907dfdc elementor-widget elementor-widget-text-editor\" data-id=\"907dfdc\" data-element_type=\"widget\" data-widget_type=\"text-editor.default\">\n\t\t\t\t<div class=\"elementor-widget-container\">\n\t\t\t\t\t\t\t\t\t\u201cMe motiva transformar los desaf\u00edos financieros en oportunidades que hagan crecer tanto los sue\u00f1os como las inversiones. Cada proyecto es una oportunidad para combinar un an\u00e1lisis riguroso con creatividad estrat\u00e9gica, asegurando que cada decisi\u00f3n tenga un impacto positivo y duradero.\u201d\t\t\t\t\t\t\t\t<\/div>\n\t\t\t\t<\/div>\n\t\t\t\t<\/div>\n\t\t\t\t\t<\/div>\n\t\t\t\t<\/div>\n\t\t\t\t<\/div>\n\t\t","protected":false},"excerpt":{"rendered":"<p>Economista con amplia experiencia en planificaci\u00f3n financiera y fiscalidad para inversores inmobiliarios. Como director financiero de Corelex Global, su misi\u00f3n es optimizar la estructura financiera de cada inversi\u00f3n.<\/p>\n","protected":false},"author":1,"featured_media":989400,"parent":989249,"menu_order":0,"comment_status":"closed","ping_status":"closed","template":"","meta":{"footnotes":""},"class_list":["post-989399","page","type-page","status-publish","has-post-thumbnail","hentry"],"yoast_head":"<!-- This site is optimized with the Yoast SEO plugin v27.3 - https:\/\/yoast.com\/product\/yoast-seo-wordpress\/ -->\n<title>Juan Jos\u00e9 Montero - Corelex Global<\/title>\n<meta name=\"robots\" content=\"index, follow, max-snippet:-1, max-image-preview:large, max-video-preview:-1\" \/>\n<link rel=\"canonical\" href=\"https:\/\/corelexglobal.com\/es\/equipo-abogados-corelex-global\/juan-jose-montero\/\" \/>\n<meta property=\"og:locale\" content=\"es_ES\" \/>\n<meta property=\"og:type\" content=\"article\" \/>\n<meta property=\"og:title\" content=\"Juan Jos\u00e9 Montero - Corelex Global\" \/>\n<meta property=\"og:description\" content=\"Economista con amplia experiencia en planificaci\u00f3n financiera y fiscalidad para inversores inmobiliarios. Como director financiero de Corelex Global, su misi\u00f3n es optimizar la estructura financiera de cada inversi\u00f3n.\" \/>\n<meta property=\"og:url\" content=\"https:\/\/corelexglobal.com\/es\/equipo-abogados-corelex-global\/juan-jose-montero\/\" \/>\n<meta property=\"og:site_name\" content=\"Corelex Global\" \/>\n<meta property=\"article:modified_time\" content=\"2025-12-21T17:55:43+00:00\" \/>\n<meta property=\"og:image\" content=\"https:\/\/corelexglobal.com\/wp-content\/uploads\/2025\/12\/juan-carlos.webp\" \/>\n\t<meta property=\"og:image:width\" content=\"1126\" \/>\n\t<meta property=\"og:image:height\" content=\"1364\" \/>\n\t<meta property=\"og:image:type\" content=\"image\/webp\" \/>\n<meta name=\"twitter:card\" content=\"summary_large_image\" \/>\n<meta name=\"twitter:label1\" content=\"Est. reading time\" \/>\n\t<meta name=\"twitter:data1\" content=\"2 minutes\" \/>\n<script type=\"application\/ld+json\" class=\"yoast-schema-graph\">{\"@context\":\"https:\\\/\\\/schema.org\",\"@graph\":[{\"@type\":\"WebPage\",\"@id\":\"https:\\\/\\\/corelexglobal.com\\\/es\\\/equipo-abogados-corelex-global\\\/juan-jose-montero\\\/\",\"url\":\"https:\\\/\\\/corelexglobal.com\\\/es\\\/equipo-abogados-corelex-global\\\/juan-jose-montero\\\/\",\"name\":\"Juan Jos\u00e9 Montero - Corelex Global\",\"isPartOf\":{\"@id\":\"https:\\\/\\\/corelexglobal.com\\\/es\\\/#website\"},\"primaryImageOfPage\":{\"@id\":\"https:\\\/\\\/corelexglobal.com\\\/es\\\/equipo-abogados-corelex-global\\\/juan-jose-montero\\\/#primaryimage\"},\"image\":{\"@id\":\"https:\\\/\\\/corelexglobal.com\\\/es\\\/equipo-abogados-corelex-global\\\/juan-jose-montero\\\/#primaryimage\"},\"thumbnailUrl\":\"https:\\\/\\\/corelexglobal.com\\\/wp-content\\\/uploads\\\/2025\\\/12\\\/juan-carlos.webp\",\"datePublished\":\"2025-05-29T10:29:00+00:00\",\"dateModified\":\"2025-12-21T17:55:43+00:00\",\"breadcrumb\":{\"@id\":\"https:\\\/\\\/corelexglobal.com\\\/es\\\/equipo-abogados-corelex-global\\\/juan-jose-montero\\\/#breadcrumb\"},\"inLanguage\":\"es\",\"potentialAction\":[{\"@type\":\"ReadAction\",\"target\":[\"https:\\\/\\\/corelexglobal.com\\\/es\\\/equipo-abogados-corelex-global\\\/juan-jose-montero\\\/\"]}]},{\"@type\":\"ImageObject\",\"inLanguage\":\"es\",\"@id\":\"https:\\\/\\\/corelexglobal.com\\\/es\\\/equipo-abogados-corelex-global\\\/juan-jose-montero\\\/#primaryimage\",\"url\":\"https:\\\/\\\/corelexglobal.com\\\/wp-content\\\/uploads\\\/2025\\\/12\\\/juan-carlos.webp\",\"contentUrl\":\"https:\\\/\\\/corelexglobal.com\\\/wp-content\\\/uploads\\\/2025\\\/12\\\/juan-carlos.webp\",\"width\":1126,\"height\":1364},{\"@type\":\"BreadcrumbList\",\"@id\":\"https:\\\/\\\/corelexglobal.com\\\/es\\\/equipo-abogados-corelex-global\\\/juan-jose-montero\\\/#breadcrumb\",\"itemListElement\":[{\"@type\":\"ListItem\",\"position\":1,\"name\":\"Home\",\"item\":\"https:\\\/\\\/corelexglobal.com\\\/es\\\/\"},{\"@type\":\"ListItem\",\"position\":2,\"name\":\"Equipo Corelex Global\",\"item\":\"https:\\\/\\\/corelexglobal.com\\\/es\\\/corelex-global-team\\\/\"},{\"@type\":\"ListItem\",\"position\":3,\"name\":\"Juan Jos\u00e9 Montero\"}]},{\"@type\":\"WebSite\",\"@id\":\"https:\\\/\\\/corelexglobal.com\\\/es\\\/#website\",\"url\":\"https:\\\/\\\/corelexglobal.com\\\/es\\\/\",\"name\":\"Corelex Global\",\"description\":\"International Real Estate Lawyers in Spain\",\"publisher\":{\"@id\":\"https:\\\/\\\/corelexglobal.com\\\/es\\\/#organization\"},\"alternateName\":\"International Real Estate Lawyers in Spain\",\"potentialAction\":[{\"@type\":\"SearchAction\",\"target\":{\"@type\":\"EntryPoint\",\"urlTemplate\":\"https:\\\/\\\/corelexglobal.com\\\/es\\\/?s={search_term_string}\"},\"query-input\":{\"@type\":\"PropertyValueSpecification\",\"valueRequired\":true,\"valueName\":\"search_term_string\"}}],\"inLanguage\":\"es\"},{\"@type\":\"Organization\",\"@id\":\"https:\\\/\\\/corelexglobal.com\\\/es\\\/#organization\",\"name\":\"Corelex Global\",\"url\":\"https:\\\/\\\/corelexglobal.com\\\/es\\\/\",\"logo\":{\"@type\":\"ImageObject\",\"inLanguage\":\"es\",\"@id\":\"https:\\\/\\\/corelexglobal.com\\\/es\\\/#\\\/schema\\\/logo\\\/image\\\/\",\"url\":\"https:\\\/\\\/corelexglobal.com\\\/wp-content\\\/uploads\\\/2025\\\/12\\\/signo-corelex.jpg\",\"contentUrl\":\"https:\\\/\\\/corelexglobal.com\\\/wp-content\\\/uploads\\\/2025\\\/12\\\/signo-corelex.jpg\",\"width\":300,\"height\":300,\"caption\":\"Corelex Global\"},\"image\":{\"@id\":\"https:\\\/\\\/corelexglobal.com\\\/es\\\/#\\\/schema\\\/logo\\\/image\\\/\"}}]}<\/script>\n<!-- \/ Yoast SEO plugin. -->","yoast_head_json":{"title":"Juan Jos\u00e9 Montero - Corelex Global","robots":{"index":"index","follow":"follow","max-snippet":"max-snippet:-1","max-image-preview":"max-image-preview:large","max-video-preview":"max-video-preview:-1"},"canonical":"https:\/\/corelexglobal.com\/es\/equipo-abogados-corelex-global\/juan-jose-montero\/","og_locale":"es_ES","og_type":"article","og_title":"Juan Jos\u00e9 Montero - Corelex Global","og_description":"Economista con amplia experiencia en planificaci\u00f3n financiera y fiscalidad para inversores inmobiliarios. Como director financiero de Corelex Global, su misi\u00f3n es optimizar la estructura financiera de cada inversi\u00f3n.","og_url":"https:\/\/corelexglobal.com\/es\/equipo-abogados-corelex-global\/juan-jose-montero\/","og_site_name":"Corelex Global","article_modified_time":"2025-12-21T17:55:43+00:00","og_image":[{"width":1126,"height":1364,"url":"https:\/\/corelexglobal.com\/wp-content\/uploads\/2025\/12\/juan-carlos.webp","type":"image\/webp"}],"twitter_card":"summary_large_image","twitter_misc":{"Est. reading time":"2 minutes"},"schema":{"@context":"https:\/\/schema.org","@graph":[{"@type":"WebPage","@id":"https:\/\/corelexglobal.com\/es\/equipo-abogados-corelex-global\/juan-jose-montero\/","url":"https:\/\/corelexglobal.com\/es\/equipo-abogados-corelex-global\/juan-jose-montero\/","name":"Juan Jos\u00e9 Montero - Corelex Global","isPartOf":{"@id":"https:\/\/corelexglobal.com\/es\/#website"},"primaryImageOfPage":{"@id":"https:\/\/corelexglobal.com\/es\/equipo-abogados-corelex-global\/juan-jose-montero\/#primaryimage"},"image":{"@id":"https:\/\/corelexglobal.com\/es\/equipo-abogados-corelex-global\/juan-jose-montero\/#primaryimage"},"thumbnailUrl":"https:\/\/corelexglobal.com\/wp-content\/uploads\/2025\/12\/juan-carlos.webp","datePublished":"2025-05-29T10:29:00+00:00","dateModified":"2025-12-21T17:55:43+00:00","breadcrumb":{"@id":"https:\/\/corelexglobal.com\/es\/equipo-abogados-corelex-global\/juan-jose-montero\/#breadcrumb"},"inLanguage":"es","potentialAction":[{"@type":"ReadAction","target":["https:\/\/corelexglobal.com\/es\/equipo-abogados-corelex-global\/juan-jose-montero\/"]}]},{"@type":"ImageObject","inLanguage":"es","@id":"https:\/\/corelexglobal.com\/es\/equipo-abogados-corelex-global\/juan-jose-montero\/#primaryimage","url":"https:\/\/corelexglobal.com\/wp-content\/uploads\/2025\/12\/juan-carlos.webp","contentUrl":"https:\/\/corelexglobal.com\/wp-content\/uploads\/2025\/12\/juan-carlos.webp","width":1126,"height":1364},{"@type":"BreadcrumbList","@id":"https:\/\/corelexglobal.com\/es\/equipo-abogados-corelex-global\/juan-jose-montero\/#breadcrumb","itemListElement":[{"@type":"ListItem","position":1,"name":"Home","item":"https:\/\/corelexglobal.com\/es\/"},{"@type":"ListItem","position":2,"name":"Equipo Corelex Global","item":"https:\/\/corelexglobal.com\/es\/corelex-global-team\/"},{"@type":"ListItem","position":3,"name":"Juan Jos\u00e9 Montero"}]},{"@type":"WebSite","@id":"https:\/\/corelexglobal.com\/es\/#website","url":"https:\/\/corelexglobal.com\/es\/","name":"Corelex Global","description":"International Real Estate Lawyers in Spain","publisher":{"@id":"https:\/\/corelexglobal.com\/es\/#organization"},"alternateName":"International Real Estate Lawyers in Spain","potentialAction":[{"@type":"SearchAction","target":{"@type":"EntryPoint","urlTemplate":"https:\/\/corelexglobal.com\/es\/?s={search_term_string}"},"query-input":{"@type":"PropertyValueSpecification","valueRequired":true,"valueName":"search_term_string"}}],"inLanguage":"es"},{"@type":"Organization","@id":"https:\/\/corelexglobal.com\/es\/#organization","name":"Corelex Global","url":"https:\/\/corelexglobal.com\/es\/","logo":{"@type":"ImageObject","inLanguage":"es","@id":"https:\/\/corelexglobal.com\/es\/#\/schema\/logo\/image\/","url":"https:\/\/corelexglobal.com\/wp-content\/uploads\/2025\/12\/signo-corelex.jpg","contentUrl":"https:\/\/corelexglobal.com\/wp-content\/uploads\/2025\/12\/signo-corelex.jpg","width":300,"height":300,"caption":"Corelex Global"},"image":{"@id":"https:\/\/corelexglobal.com\/es\/#\/schema\/logo\/image\/"}}]}},"_links":{"self":[{"href":"https:\/\/corelexglobal.com\/es\/wp-json\/wp\/v2\/pages\/989399","targetHints":{"allow":["GET"]}}],"collection":[{"href":"https:\/\/corelexglobal.com\/es\/wp-json\/wp\/v2\/pages"}],"about":[{"href":"https:\/\/corelexglobal.com\/es\/wp-json\/wp\/v2\/types\/page"}],"author":[{"embeddable":true,"href":"https:\/\/corelexglobal.com\/es\/wp-json\/wp\/v2\/users\/1"}],"replies":[{"embeddable":true,"href":"https:\/\/corelexglobal.com\/es\/wp-json\/wp\/v2\/comments?post=989399"}],"version-history":[{"count":4,"href":"https:\/\/corelexglobal.com\/es\/wp-json\/wp\/v2\/pages\/989399\/revisions"}],"predecessor-version":[{"id":990097,"href":"https:\/\/corelexglobal.com\/es\/wp-json\/wp\/v2\/pages\/989399\/revisions\/990097"}],"up":[{"embeddable":true,"href":"https:\/\/corelexglobal.com\/es\/wp-json\/wp\/v2\/pages\/989249"}],"wp:featuredmedia":[{"embeddable":true,"href":"https:\/\/corelexglobal.com\/es\/wp-json\/wp\/v2\/media\/989400"}],"wp:attachment":[{"href":"https:\/\/corelexglobal.com\/es\/wp-json\/wp\/v2\/media?parent=989399"}],"curies":[{"name":"wp","href":"https:\/\/api.w.org\/{rel}","templated":true}]}}