{"id":989469,"date":"2025-12-09T13:37:45","date_gmt":"2025-12-09T12:37:45","guid":{"rendered":"https:\/\/corelexglobal.com\/equipo-abogados-corelex-global\/africa-aresti\/"},"modified":"2025-12-18T00:36:12","modified_gmt":"2025-12-17T23:36:12","slug":"africa-aresti","status":"publish","type":"page","link":"https:\/\/corelexglobal.com\/es\/equipo-abogados-corelex-global\/africa-aresti\/","title":{"rendered":"\u00c1frica Aresti"},"content":{"rendered":"\t\t<div data-elementor-type=\"wp-page\" data-elementor-id=\"989469\" class=\"elementor elementor-989469 elementor-988193\" data-elementor-post-type=\"page\">\n\t\t\t\t<div class=\"elementor-element elementor-element-4cc74a75 e-flex e-con-boxed e-con e-parent\" data-id=\"4cc74a75\" data-element_type=\"container\" data-settings=\"{&quot;background_background&quot;:&quot;classic&quot;}\">\n\t\t\t\t\t<div class=\"e-con-inner\">\n\t\t<div class=\"elementor-element elementor-element-73ff031 e-con-full e-flex e-con e-child\" data-id=\"73ff031\" data-element_type=\"container\">\n\t\t<div class=\"elementor-element elementor-element-260ba3f8 e-con-full e-flex e-con e-child\" data-id=\"260ba3f8\" data-element_type=\"container\">\n\t\t\t\t<div class=\"elementor-element elementor-element-3fb8108a elementor-widget elementor-widget-heading\" data-id=\"3fb8108a\" data-element_type=\"widget\" data-widget_type=\"heading.default\">\n\t\t\t\t<div class=\"elementor-widget-container\">\n\t\t\t\t\t<p class=\"elementor-heading-title elementor-size-default\">Asesor\u00eda fiscal Internacional<\/p>\t\t\t\t<\/div>\n\t\t\t\t<\/div>\n\t\t\t\t<div class=\"elementor-element elementor-element-2159631 elementor-widget__width-initial elementor-widget-mobile__width-inherit elementor-widget elementor-widget-theme-post-title elementor-page-title elementor-widget-heading\" data-id=\"2159631\" data-element_type=\"widget\" data-widget_type=\"theme-post-title.default\">\n\t\t\t\t<div class=\"elementor-widget-container\">\n\t\t\t\t\t<h1 class=\"elementor-heading-title elementor-size-default\">\u00c1frica Aresti<\/h1>\t\t\t\t<\/div>\n\t\t\t\t<\/div>\n\t\t\t\t<div class=\"elementor-element elementor-element-7a6f277e elementor-widget elementor-widget-text-editor\" data-id=\"7a6f277e\" data-element_type=\"widget\" data-widget_type=\"text-editor.default\">\n\t\t\t\t<div class=\"elementor-widget-container\">\n\t\t\t\t\t\t\t\t\t<p>\u00c1frica Aresti es especialista en fiscalidad internacional, con amplia experiencia en ayudar a inversores a estructurar su carga impositiva de manera eficiente y cumpliendo estrictamente con la normativa espa\u00f1ola. Su trabajo permite maximizar la rentabilidad de las inversiones, minimizando riesgos fiscales y asegurando la legalidad de cada operaci\u00f3n.<\/p><p>Su enfoque combina conocimiento profundo de legislaci\u00f3n fiscal, planificaci\u00f3n estrat\u00e9gica y soluciones personalizadas para cada cliente. \u00c1frica asesora en la estructuraci\u00f3n de transacciones inmobiliarias y patrimoniales, garantizando decisiones financieras s\u00f3lidas y seguras en el \u00e1mbito nacional e internacional.<\/p>\t\t\t\t\t\t\t\t<\/div>\n\t\t\t\t<\/div>\n\t\t\t\t<\/div>\n\t\t\t\t<\/div>\n\t\t<div class=\"elementor-element elementor-element-54fa0c48 e-con-full e-flex e-con e-child\" data-id=\"54fa0c48\" data-element_type=\"container\" data-settings=\"{&quot;background_background&quot;:&quot;classic&quot;,&quot;sticky&quot;:&quot;top&quot;,&quot;sticky_offset&quot;:80,&quot;sticky_parent&quot;:&quot;yes&quot;,&quot;sticky_on&quot;:[&quot;desktop&quot;],&quot;sticky_effects_offset&quot;:0,&quot;sticky_anchor_link_offset&quot;:0}\">\n\t\t\t\t<div class=\"vamtam-has-theme-widget-styles elementor-element elementor-element-655971ef elementor-invisible animated-fast elementor-widget elementor-widget-image\" data-id=\"655971ef\" data-element_type=\"widget\" data-settings=\"{&quot;_animation&quot;:&quot;imageGrowWithScaleLeft&quot;}\" data-widget_type=\"image.default\">\n\t\t\t\t<div class=\"elementor-widget-container\">\n\t\t\t\t\t\t\t\t\t<div class=\"elementor-image\">\n\t\t\t\t\t\t\t\t\t\t\t<div class=\"vamtam-image-wrapper\">\n\t\t\t\t\t\t\t\t\t\t\t\t\t\t\t\t\t\t\t\t\t<img fetchpriority=\"high\" decoding=\"async\" width=\"1126\" height=\"1364\" src=\"https:\/\/corelexglobal.com\/wp-content\/uploads\/2025\/12\/team-corelex-wf.webp\" class=\"attachment-1536x1536 size-1536x1536 wp-image-989447\" alt=\"\" srcset=\"https:\/\/corelexglobal.com\/wp-content\/uploads\/2025\/12\/team-corelex-wf.webp 1126w, https:\/\/corelexglobal.com\/wp-content\/uploads\/2025\/12\/team-corelex-wf-248x300.webp 248w, https:\/\/corelexglobal.com\/wp-content\/uploads\/2025\/12\/team-corelex-wf-845x1024.webp 845w, https:\/\/corelexglobal.com\/wp-content\/uploads\/2025\/12\/team-corelex-wf-768x930.webp 768w\" sizes=\"(max-width: 1126px) 100vw, 1126px\" \/>\t\t\t\t\t\t\t\t\t\t\t\t\t\t\t\t\t\t\t\t\t\t\t\t\t\t<\/div>\n\t\t\t\t\t\t\t\t\t<\/div>\n\t\t\t\t\t\t\t\t<\/div>\n\t\t\t\t<\/div>\n\t\t\t\t<\/div>\n\t\t<div class=\"elementor-element elementor-element-63ad3c7b e-con-full e-flex e-con e-child\" data-id=\"63ad3c7b\" data-element_type=\"container\" data-settings=\"{&quot;sticky&quot;:&quot;top&quot;,&quot;sticky_on&quot;:[&quot;desktop&quot;],&quot;sticky_offset&quot;:80,&quot;sticky_parent&quot;:&quot;yes&quot;,&quot;sticky_effects_offset&quot;:0,&quot;sticky_anchor_link_offset&quot;:0}\">\n\t\t\t\t<div class=\"elementor-element elementor-element-16c7aeff elementor-widget elementor-widget-text-editor\" data-id=\"16c7aeff\" data-element_type=\"widget\" data-widget_type=\"text-editor.default\">\n\t\t\t\t<div class=\"elementor-widget-container\">\n\t\t\t\t\t\t\t\t\t&#8220;Cada situaci\u00f3n fiscal es un reto que requiere visi\u00f3n estrat\u00e9gica, creatividad y profundo conocimiento de la normativa, siempre buscando maximizar oportunidades y minimizar riesgos. Una verdadera oportunidad para combinar an\u00e1lisis t\u00e9cnico con soluciones pr\u00e1cticas y humanas.&#8221;\t\t\t\t\t\t\t\t<\/div>\n\t\t\t\t<\/div>\n\t\t\t\t<\/div>\n\t\t\t\t\t<\/div>\n\t\t\t\t<\/div>\n\t\t\t\t<\/div>\n\t\t","protected":false},"excerpt":{"rendered":"<p>Asesor\u00eda fiscal Internacional \u00c1frica Aresti es especialista en fiscalidad internacional, con amplia experiencia en ayudar a inversores a estructurar su carga impositiva de manera eficiente y cumpliendo estrictamente con la normativa espa\u00f1ola. Su trabajo permite maximizar la rentabilidad de las inversiones, minimizando riesgos fiscales y asegurando la legalidad de cada operaci\u00f3n. Su enfoque combina conocimiento&#8230;<\/p>\n","protected":false},"author":1,"featured_media":989447,"parent":989249,"menu_order":0,"comment_status":"closed","ping_status":"closed","template":"","meta":{"footnotes":""},"class_list":["post-989469","page","type-page","status-publish","has-post-thumbnail","hentry"],"yoast_head":"<!-- This site is optimized with the Yoast SEO plugin v27.3 - https:\/\/yoast.com\/product\/yoast-seo-wordpress\/ -->\n<title>\u00c1frica Aresti - Corelex Global<\/title>\n<meta name=\"robots\" content=\"index, follow, max-snippet:-1, max-image-preview:large, max-video-preview:-1\" \/>\n<link rel=\"canonical\" href=\"https:\/\/corelexglobal.com\/es\/equipo-abogados-corelex-global\/africa-aresti\/\" \/>\n<meta property=\"og:locale\" content=\"es_ES\" \/>\n<meta property=\"og:type\" content=\"article\" \/>\n<meta property=\"og:title\" content=\"\u00c1frica Aresti - Corelex Global\" \/>\n<meta property=\"og:description\" content=\"Asesor\u00eda fiscal Internacional \u00c1frica Aresti es especialista en fiscalidad internacional, con amplia experiencia en ayudar a inversores a estructurar su carga impositiva de manera eficiente y cumpliendo estrictamente con la normativa espa\u00f1ola. Su trabajo permite maximizar la rentabilidad de las inversiones, minimizando riesgos fiscales y asegurando la legalidad de cada operaci\u00f3n. Su enfoque combina conocimiento...\" \/>\n<meta property=\"og:url\" content=\"https:\/\/corelexglobal.com\/es\/equipo-abogados-corelex-global\/africa-aresti\/\" \/>\n<meta property=\"og:site_name\" content=\"Corelex Global\" \/>\n<meta property=\"article:modified_time\" content=\"2025-12-17T23:36:12+00:00\" \/>\n<meta property=\"og:image\" content=\"https:\/\/corelexglobal.com\/wp-content\/uploads\/2025\/12\/team-corelex-wf.webp\" \/>\n\t<meta property=\"og:image:width\" content=\"1126\" \/>\n\t<meta property=\"og:image:height\" content=\"1364\" \/>\n\t<meta property=\"og:image:type\" content=\"image\/webp\" \/>\n<meta name=\"twitter:card\" content=\"summary_large_image\" \/>\n<meta name=\"twitter:label1\" content=\"Est. reading time\" \/>\n\t<meta name=\"twitter:data1\" content=\"1 minute\" \/>\n<script type=\"application\/ld+json\" class=\"yoast-schema-graph\">{\"@context\":\"https:\\\/\\\/schema.org\",\"@graph\":[{\"@type\":\"WebPage\",\"@id\":\"https:\\\/\\\/corelexglobal.com\\\/es\\\/equipo-abogados-corelex-global\\\/africa-aresti\\\/\",\"url\":\"https:\\\/\\\/corelexglobal.com\\\/es\\\/equipo-abogados-corelex-global\\\/africa-aresti\\\/\",\"name\":\"\u00c1frica Aresti - Corelex Global\",\"isPartOf\":{\"@id\":\"https:\\\/\\\/corelexglobal.com\\\/es\\\/#website\"},\"primaryImageOfPage\":{\"@id\":\"https:\\\/\\\/corelexglobal.com\\\/es\\\/equipo-abogados-corelex-global\\\/africa-aresti\\\/#primaryimage\"},\"image\":{\"@id\":\"https:\\\/\\\/corelexglobal.com\\\/es\\\/equipo-abogados-corelex-global\\\/africa-aresti\\\/#primaryimage\"},\"thumbnailUrl\":\"https:\\\/\\\/corelexglobal.com\\\/wp-content\\\/uploads\\\/2025\\\/12\\\/team-corelex-wf.webp\",\"datePublished\":\"2025-12-09T12:37:45+00:00\",\"dateModified\":\"2025-12-17T23:36:12+00:00\",\"breadcrumb\":{\"@id\":\"https:\\\/\\\/corelexglobal.com\\\/es\\\/equipo-abogados-corelex-global\\\/africa-aresti\\\/#breadcrumb\"},\"inLanguage\":\"es\",\"potentialAction\":[{\"@type\":\"ReadAction\",\"target\":[\"https:\\\/\\\/corelexglobal.com\\\/es\\\/equipo-abogados-corelex-global\\\/africa-aresti\\\/\"]}]},{\"@type\":\"ImageObject\",\"inLanguage\":\"es\",\"@id\":\"https:\\\/\\\/corelexglobal.com\\\/es\\\/equipo-abogados-corelex-global\\\/africa-aresti\\\/#primaryimage\",\"url\":\"https:\\\/\\\/corelexglobal.com\\\/wp-content\\\/uploads\\\/2025\\\/12\\\/team-corelex-wf.webp\",\"contentUrl\":\"https:\\\/\\\/corelexglobal.com\\\/wp-content\\\/uploads\\\/2025\\\/12\\\/team-corelex-wf.webp\",\"width\":1126,\"height\":1364},{\"@type\":\"BreadcrumbList\",\"@id\":\"https:\\\/\\\/corelexglobal.com\\\/es\\\/equipo-abogados-corelex-global\\\/africa-aresti\\\/#breadcrumb\",\"itemListElement\":[{\"@type\":\"ListItem\",\"position\":1,\"name\":\"Home\",\"item\":\"https:\\\/\\\/corelexglobal.com\\\/es\\\/\"},{\"@type\":\"ListItem\",\"position\":2,\"name\":\"Equipo Corelex Global\",\"item\":\"https:\\\/\\\/corelexglobal.com\\\/es\\\/corelex-global-team\\\/\"},{\"@type\":\"ListItem\",\"position\":3,\"name\":\"\u00c1frica Aresti\"}]},{\"@type\":\"WebSite\",\"@id\":\"https:\\\/\\\/corelexglobal.com\\\/es\\\/#website\",\"url\":\"https:\\\/\\\/corelexglobal.com\\\/es\\\/\",\"name\":\"Corelex Global\",\"description\":\"International Real Estate Lawyers in Spain\",\"publisher\":{\"@id\":\"https:\\\/\\\/corelexglobal.com\\\/es\\\/#organization\"},\"alternateName\":\"International Real Estate Lawyers in Spain\",\"potentialAction\":[{\"@type\":\"SearchAction\",\"target\":{\"@type\":\"EntryPoint\",\"urlTemplate\":\"https:\\\/\\\/corelexglobal.com\\\/es\\\/?s={search_term_string}\"},\"query-input\":{\"@type\":\"PropertyValueSpecification\",\"valueRequired\":true,\"valueName\":\"search_term_string\"}}],\"inLanguage\":\"es\"},{\"@type\":\"Organization\",\"@id\":\"https:\\\/\\\/corelexglobal.com\\\/es\\\/#organization\",\"name\":\"Corelex Global\",\"url\":\"https:\\\/\\\/corelexglobal.com\\\/es\\\/\",\"logo\":{\"@type\":\"ImageObject\",\"inLanguage\":\"es\",\"@id\":\"https:\\\/\\\/corelexglobal.com\\\/es\\\/#\\\/schema\\\/logo\\\/image\\\/\",\"url\":\"https:\\\/\\\/corelexglobal.com\\\/wp-content\\\/uploads\\\/2025\\\/12\\\/signo-corelex.jpg\",\"contentUrl\":\"https:\\\/\\\/corelexglobal.com\\\/wp-content\\\/uploads\\\/2025\\\/12\\\/signo-corelex.jpg\",\"width\":300,\"height\":300,\"caption\":\"Corelex Global\"},\"image\":{\"@id\":\"https:\\\/\\\/corelexglobal.com\\\/es\\\/#\\\/schema\\\/logo\\\/image\\\/\"}}]}<\/script>\n<!-- \/ Yoast SEO plugin. -->","yoast_head_json":{"title":"\u00c1frica Aresti - Corelex Global","robots":{"index":"index","follow":"follow","max-snippet":"max-snippet:-1","max-image-preview":"max-image-preview:large","max-video-preview":"max-video-preview:-1"},"canonical":"https:\/\/corelexglobal.com\/es\/equipo-abogados-corelex-global\/africa-aresti\/","og_locale":"es_ES","og_type":"article","og_title":"\u00c1frica Aresti - Corelex Global","og_description":"Asesor\u00eda fiscal Internacional \u00c1frica Aresti es especialista en fiscalidad internacional, con amplia experiencia en ayudar a inversores a estructurar su carga impositiva de manera eficiente y cumpliendo estrictamente con la normativa espa\u00f1ola. Su trabajo permite maximizar la rentabilidad de las inversiones, minimizando riesgos fiscales y asegurando la legalidad de cada operaci\u00f3n. Su enfoque combina conocimiento...","og_url":"https:\/\/corelexglobal.com\/es\/equipo-abogados-corelex-global\/africa-aresti\/","og_site_name":"Corelex Global","article_modified_time":"2025-12-17T23:36:12+00:00","og_image":[{"width":1126,"height":1364,"url":"https:\/\/corelexglobal.com\/wp-content\/uploads\/2025\/12\/team-corelex-wf.webp","type":"image\/webp"}],"twitter_card":"summary_large_image","twitter_misc":{"Est. reading time":"1 minute"},"schema":{"@context":"https:\/\/schema.org","@graph":[{"@type":"WebPage","@id":"https:\/\/corelexglobal.com\/es\/equipo-abogados-corelex-global\/africa-aresti\/","url":"https:\/\/corelexglobal.com\/es\/equipo-abogados-corelex-global\/africa-aresti\/","name":"\u00c1frica Aresti - Corelex Global","isPartOf":{"@id":"https:\/\/corelexglobal.com\/es\/#website"},"primaryImageOfPage":{"@id":"https:\/\/corelexglobal.com\/es\/equipo-abogados-corelex-global\/africa-aresti\/#primaryimage"},"image":{"@id":"https:\/\/corelexglobal.com\/es\/equipo-abogados-corelex-global\/africa-aresti\/#primaryimage"},"thumbnailUrl":"https:\/\/corelexglobal.com\/wp-content\/uploads\/2025\/12\/team-corelex-wf.webp","datePublished":"2025-12-09T12:37:45+00:00","dateModified":"2025-12-17T23:36:12+00:00","breadcrumb":{"@id":"https:\/\/corelexglobal.com\/es\/equipo-abogados-corelex-global\/africa-aresti\/#breadcrumb"},"inLanguage":"es","potentialAction":[{"@type":"ReadAction","target":["https:\/\/corelexglobal.com\/es\/equipo-abogados-corelex-global\/africa-aresti\/"]}]},{"@type":"ImageObject","inLanguage":"es","@id":"https:\/\/corelexglobal.com\/es\/equipo-abogados-corelex-global\/africa-aresti\/#primaryimage","url":"https:\/\/corelexglobal.com\/wp-content\/uploads\/2025\/12\/team-corelex-wf.webp","contentUrl":"https:\/\/corelexglobal.com\/wp-content\/uploads\/2025\/12\/team-corelex-wf.webp","width":1126,"height":1364},{"@type":"BreadcrumbList","@id":"https:\/\/corelexglobal.com\/es\/equipo-abogados-corelex-global\/africa-aresti\/#breadcrumb","itemListElement":[{"@type":"ListItem","position":1,"name":"Home","item":"https:\/\/corelexglobal.com\/es\/"},{"@type":"ListItem","position":2,"name":"Equipo Corelex Global","item":"https:\/\/corelexglobal.com\/es\/corelex-global-team\/"},{"@type":"ListItem","position":3,"name":"\u00c1frica Aresti"}]},{"@type":"WebSite","@id":"https:\/\/corelexglobal.com\/es\/#website","url":"https:\/\/corelexglobal.com\/es\/","name":"Corelex Global","description":"International Real Estate Lawyers in Spain","publisher":{"@id":"https:\/\/corelexglobal.com\/es\/#organization"},"alternateName":"International Real Estate Lawyers in Spain","potentialAction":[{"@type":"SearchAction","target":{"@type":"EntryPoint","urlTemplate":"https:\/\/corelexglobal.com\/es\/?s={search_term_string}"},"query-input":{"@type":"PropertyValueSpecification","valueRequired":true,"valueName":"search_term_string"}}],"inLanguage":"es"},{"@type":"Organization","@id":"https:\/\/corelexglobal.com\/es\/#organization","name":"Corelex Global","url":"https:\/\/corelexglobal.com\/es\/","logo":{"@type":"ImageObject","inLanguage":"es","@id":"https:\/\/corelexglobal.com\/es\/#\/schema\/logo\/image\/","url":"https:\/\/corelexglobal.com\/wp-content\/uploads\/2025\/12\/signo-corelex.jpg","contentUrl":"https:\/\/corelexglobal.com\/wp-content\/uploads\/2025\/12\/signo-corelex.jpg","width":300,"height":300,"caption":"Corelex Global"},"image":{"@id":"https:\/\/corelexglobal.com\/es\/#\/schema\/logo\/image\/"}}]}},"_links":{"self":[{"href":"https:\/\/corelexglobal.com\/es\/wp-json\/wp\/v2\/pages\/989469","targetHints":{"allow":["GET"]}}],"collection":[{"href":"https:\/\/corelexglobal.com\/es\/wp-json\/wp\/v2\/pages"}],"about":[{"href":"https:\/\/corelexglobal.com\/es\/wp-json\/wp\/v2\/types\/page"}],"author":[{"embeddable":true,"href":"https:\/\/corelexglobal.com\/es\/wp-json\/wp\/v2\/users\/1"}],"replies":[{"embeddable":true,"href":"https:\/\/corelexglobal.com\/es\/wp-json\/wp\/v2\/comments?post=989469"}],"version-history":[{"count":0,"href":"https:\/\/corelexglobal.com\/es\/wp-json\/wp\/v2\/pages\/989469\/revisions"}],"up":[{"embeddable":true,"href":"https:\/\/corelexglobal.com\/es\/wp-json\/wp\/v2\/pages\/989249"}],"wp:featuredmedia":[{"embeddable":true,"href":"https:\/\/corelexglobal.com\/es\/wp-json\/wp\/v2\/media\/989447"}],"wp:attachment":[{"href":"https:\/\/corelexglobal.com\/es\/wp-json\/wp\/v2\/media?parent=989469"}],"curies":[{"name":"wp","href":"https:\/\/api.w.org\/{rel}","templated":true}]}}